{"id":1693,"date":"2023-08-14T23:00:11","date_gmt":"2023-08-15T05:00:11","guid":{"rendered":"https:\/\/www.appliedhope.org\/?page_id=1693"},"modified":"2023-11-18T16:14:03","modified_gmt":"2023-11-18T22:14:03","slug":"donations-and-contributions","status":"publish","type":"page","link":"https:\/\/www.appliedhope.org\/es\/donations-and-contributions\/","title":{"rendered":"Donaciones y contribuciones"},"content":{"rendered":"<div data-elementor-type=\"wp-page\" data-elementor-id=\"1693\" class=\"elementor elementor-1693\" data-elementor-post-type=\"page\">\n\t\t\t\t\t\t<section class=\"elementor-section elementor-top-section elementor-element elementor-element-4904690 elementor-section-boxed elementor-section-height-default elementor-section-height-default\" data-id=\"4904690\" data-element_type=\"section\" data-e-type=\"section\">\n\t\t\t\t\t\t<div class=\"elementor-container elementor-column-gap-default\">\n\t\t\t\t\t<div class=\"elementor-column elementor-col-100 elementor-top-column elementor-element elementor-element-168cb1b\" data-id=\"168cb1b\" data-element_type=\"column\" data-e-type=\"column\">\n\t\t\t<div class=\"elementor-widget-wrap elementor-element-populated\">\n\t\t\t\t\t\t<div class=\"elementor-element elementor-element-8b206d6 elementor-widget elementor-widget-heading\" data-id=\"8b206d6\" data-element_type=\"widget\" data-e-type=\"widget\" data-widget_type=\"heading.default\">\n\t\t\t\t<div class=\"elementor-widget-container\">\n\t\t\t\t\t<h2 class=\"elementor-heading-title elementor-size-default\">\u00bfC\u00f3mo participar?<\/h2>\t\t\t\t<\/div>\n\t\t\t\t<\/div>\n\t\t\t\t\t<\/div>\n\t\t<\/div>\n\t\t\t\t\t<\/div>\n\t\t<\/section>\n\t\t\t\t<section class=\"elementor-section elementor-top-section elementor-element elementor-element-21a4265 elementor-section-boxed elementor-section-height-default elementor-section-height-default\" data-id=\"21a4265\" data-element_type=\"section\" data-e-type=\"section\">\n\t\t\t\t\t\t<div class=\"elementor-container elementor-column-gap-default\">\n\t\t\t\t\t<div class=\"elementor-column elementor-col-50 elementor-top-column elementor-element elementor-element-c9ff1d1\" data-id=\"c9ff1d1\" data-element_type=\"column\" data-e-type=\"column\">\n\t\t\t<div class=\"elementor-widget-wrap elementor-element-populated\">\n\t\t\t\t\t\t<div class=\"elementor-element elementor-element-51c14dd elementor-widget elementor-widget-heading\" data-id=\"51c14dd\" data-element_type=\"widget\" data-e-type=\"widget\" data-widget_type=\"heading.default\">\n\t\t\t\t<div class=\"elementor-widget-container\">\n\t\t\t\t\t<h2 class=\"elementor-heading-title elementor-size-default\">Hacer una donaci\u00f3n<\/h2>\t\t\t\t<\/div>\n\t\t\t\t<\/div>\n\t\t\t\t<div class=\"elementor-element elementor-element-82619be elementor-widget elementor-widget-text-editor\" data-id=\"82619be\" data-element_type=\"widget\" data-e-type=\"widget\" data-widget_type=\"text-editor.default\">\n\t\t\t\t<div class=\"elementor-widget-container\">\n\t\t\t\t\t\t\t\t\t<p>Donar con tarjeta de cr\u00e9dito, d\u00e9bito o a trav\u00e9s de PayPal<\/p><p>A continuaci\u00f3n puede realizar su donaci\u00f3n segura<\/p>\t\t\t\t\t\t\t\t<\/div>\n\t\t\t\t<\/div>\n\t\t\t\t\t<\/div>\n\t\t<\/div>\n\t\t\t\t<div class=\"elementor-column elementor-col-50 elementor-top-column elementor-element elementor-element-8e10d8b\" data-id=\"8e10d8b\" data-element_type=\"column\" data-e-type=\"column\">\n\t\t\t<div class=\"elementor-widget-wrap elementor-element-populated\">\n\t\t\t\t\t\t<div class=\"elementor-element elementor-element-20fd9a5 elementor-widget elementor-widget-heading\" data-id=\"20fd9a5\" data-element_type=\"widget\" data-e-type=\"widget\" data-widget_type=\"heading.default\">\n\t\t\t\t<div class=\"elementor-widget-container\">\n\t\t\t\t\t<h2 class=\"elementor-heading-title elementor-size-default\">Comparta nuestro contenido en su red<\/h2>\t\t\t\t<\/div>\n\t\t\t\t<\/div>\n\t\t\t\t<div class=\"elementor-element elementor-element-0185d90 elementor-widget elementor-widget-text-editor\" data-id=\"0185d90\" data-element_type=\"widget\" data-e-type=\"widget\" data-widget_type=\"text-editor.default\">\n\t\t\t\t<div class=\"elementor-widget-container\">\n\t\t\t\t\t\t\t\t\t<p>Enviar nuestra p\u00e1gina web, v\u00eddeo\/podcast, canal de YouTube y art\u00edculos a personas que quieran marcar la diferencia en el mundo.\u00a0<\/p>\t\t\t\t\t\t\t\t<\/div>\n\t\t\t\t<\/div>\n\t\t\t\t\t<\/div>\n\t\t<\/div>\n\t\t\t\t\t<\/div>\n\t\t<\/section>\n\t\t\t\t<section class=\"elementor-section elementor-top-section elementor-element elementor-element-28e80c8 elementor-section-boxed elementor-section-height-default elementor-section-height-default\" data-id=\"28e80c8\" data-element_type=\"section\" data-e-type=\"section\">\n\t\t\t\t\t\t<div class=\"elementor-container elementor-column-gap-default\">\n\t\t\t\t\t<div class=\"elementor-column elementor-col-50 elementor-top-column elementor-element elementor-element-0fa9b2a\" data-id=\"0fa9b2a\" data-element_type=\"column\" data-e-type=\"column\">\n\t\t\t<div class=\"elementor-widget-wrap elementor-element-populated\">\n\t\t\t\t\t\t<div class=\"elementor-element elementor-element-78de6da elementor-widget-divider--view-line_icon elementor-view-default elementor-widget-divider--element-align-center elementor-widget elementor-widget-divider\" data-id=\"78de6da\" data-element_type=\"widget\" data-e-type=\"widget\" data-widget_type=\"divider.default\">\n\t\t\t\t<div class=\"elementor-widget-container\">\n\t\t\t\t\t\t\t<div class=\"elementor-divider\">\n\t\t\t<span class=\"elementor-divider-separator\">\n\t\t\t\t\t\t\t<div class=\"elementor-icon elementor-divider__element\">\n\t\t\t\t\t<i aria-hidden=\"true\" class=\"fas fa-leaf\"><\/i><\/div>\n\t\t\t\t\t\t<\/span>\n\t\t<\/div>\n\t\t\t\t\t\t<\/div>\n\t\t\t\t<\/div>\n\t\t\t\t<div class=\"elementor-element elementor-element-2210aa6 elementor-widget elementor-widget-heading\" data-id=\"2210aa6\" data-element_type=\"widget\" data-e-type=\"widget\" data-widget_type=\"heading.default\">\n\t\t\t\t<div class=\"elementor-widget-container\">\n\t\t\t\t\t<h2 class=\"elementor-heading-title elementor-size-default\">\u00danase a nuestra red de mentores<\/h2>\t\t\t\t<\/div>\n\t\t\t\t<\/div>\n\t\t\t\t<div class=\"elementor-element elementor-element-f46bb94 elementor-widget elementor-widget-text-editor\" data-id=\"f46bb94\" data-element_type=\"widget\" data-e-type=\"widget\" data-widget_type=\"text-editor.default\">\n\t\t\t\t<div class=\"elementor-widget-container\">\n\t\t\t\t\t\t\t\t\t<p>Trabaje directamente con los innovadores compartiendo con ellos sus consejos, su experiencia y su red de contactos.<\/p>\t\t\t\t\t\t\t\t<\/div>\n\t\t\t\t<\/div>\n\t\t\t\t\t<\/div>\n\t\t<\/div>\n\t\t\t\t<div class=\"elementor-column elementor-col-50 elementor-top-column elementor-element elementor-element-fb7bf21\" data-id=\"fb7bf21\" data-element_type=\"column\" data-e-type=\"column\">\n\t\t\t<div class=\"elementor-widget-wrap elementor-element-populated\">\n\t\t\t\t\t\t<div class=\"elementor-element elementor-element-97e7e31 elementor-widget-divider--view-line_icon elementor-view-default elementor-widget-divider--element-align-center elementor-widget elementor-widget-divider\" data-id=\"97e7e31\" data-element_type=\"widget\" data-e-type=\"widget\" data-widget_type=\"divider.default\">\n\t\t\t\t<div class=\"elementor-widget-container\">\n\t\t\t\t\t\t\t<div class=\"elementor-divider\">\n\t\t\t<span class=\"elementor-divider-separator\">\n\t\t\t\t\t\t\t<div class=\"elementor-icon elementor-divider__element\">\n\t\t\t\t\t<i aria-hidden=\"true\" class=\"fas fa-leaf\"><\/i><\/div>\n\t\t\t\t\t\t<\/span>\n\t\t<\/div>\n\t\t\t\t\t\t<\/div>\n\t\t\t\t<\/div>\n\t\t\t\t<div class=\"elementor-element elementor-element-7a9ab07 elementor-widget elementor-widget-heading\" data-id=\"7a9ab07\" data-element_type=\"widget\" data-e-type=\"widget\" data-widget_type=\"heading.default\">\n\t\t\t\t<div class=\"elementor-widget-container\">\n\t\t\t\t\t<h2 class=\"elementor-heading-title elementor-size-default\">Patrocinar a una persona o un proyecto<\/h2>\t\t\t\t<\/div>\n\t\t\t\t<\/div>\n\t\t\t\t<div class=\"elementor-element elementor-element-27d92f9 elementor-widget elementor-widget-text-editor\" data-id=\"27d92f9\" data-element_type=\"widget\" data-e-type=\"widget\" data-widget_type=\"text-editor.default\">\n\t\t\t\t<div class=\"elementor-widget-container\">\n\t\t\t\t\t\t\t\t\t<p>Elija c\u00f3mo quiere contribuir y vea los resultados<\/p>\t\t\t\t\t\t\t\t<\/div>\n\t\t\t\t<\/div>\n\t\t\t\t\t<\/div>\n\t\t<\/div>\n\t\t\t\t\t<\/div>\n\t\t<\/section>\n\t\t\t\t<section class=\"elementor-section elementor-top-section elementor-element elementor-element-2c4a7f0 elementor-section-boxed elementor-section-height-default elementor-section-height-default\" data-id=\"2c4a7f0\" data-element_type=\"section\" data-e-type=\"section\">\n\t\t\t\t\t\t<div class=\"elementor-container elementor-column-gap-default\">\n\t\t\t\t\t<div class=\"elementor-column elementor-col-100 elementor-top-column elementor-element elementor-element-fbdc4d2\" data-id=\"fbdc4d2\" data-element_type=\"column\" data-e-type=\"column\">\n\t\t\t<div class=\"elementor-widget-wrap elementor-element-populated\">\n\t\t\t\t\t\t<section class=\"elementor-section elementor-inner-section elementor-element elementor-element-65943a8 elementor-section-boxed elementor-section-height-default elementor-section-height-default\" data-id=\"65943a8\" data-element_type=\"section\" data-e-type=\"section\">\n\t\t\t\t\t\t<div class=\"elementor-container elementor-column-gap-default\">\n\t\t\t\t\t<div class=\"elementor-column elementor-col-100 elementor-inner-column elementor-element elementor-element-7002eda\" data-id=\"7002eda\" data-element_type=\"column\" data-e-type=\"column\">\n\t\t\t<div class=\"elementor-widget-wrap elementor-element-populated\">\n\t\t\t\t\t\t<div class=\"elementor-element elementor-element-926e941 elementor-widget elementor-widget-Give Form\" data-id=\"926e941\" data-element_type=\"widget\" data-e-type=\"widget\" data-widget_type=\"Give Form.default\">\n\t\t\t\t\t<div class=\"givewp-elementor-widget give-form-shortcode-wrap\"><div class=\"give-embed-form-wrapper\" id=\"give-69f0d1d94303a\"><iframe\n\t\t\t\tname=\"give-embed-form\"\n\t\t\t\tsrc=\"https:\/\/www.appliedhope.org\/es\/give\/1931?giveDonationFormInIframe=1\"\n\t\t\t\t\n\t\t\t\tdata-autoscroll=\"0\"\n\t\t\t\tonload=\"if( 'undefined' !== typeof Give ) { Give.initializeIframeResize(this) }\"\n\t\t\t\tstyle=\"border: 0;visibility: hidden;min-height: 600px;\"><\/iframe><div class=\"iframe-loader\">\n<div style=\"        height: 100%;        width: 100%;        display: flex;        align-items: center;        justify-content: center;    \">\n    <div style=\"        pointer-events: none;        height: 90px;        width: 90px;        background-image: url(&quot;data:image\/svg+xml;charset=utf8,%3C?xml version='1.0' encoding='utf-8'?%3E%3C!-- Generator: Adobe Illustrator 24.1.0, SVG Export Plug-In . SVG Version: 6.00 Build 0) --%3E%3Csvg version='1.1' id='Layer_1' xmlns='http:\/\/www.w3.org\/2000\/svg' xmlns:xlink='http:\/\/www.w3.org\/1999\/xlink' x='0px' y='0px' viewBox='0 0 349 348' style='enable-background:new 0 0 349 348;' xml:space='preserve'%3E%3Cstyle type='text\/css'%3E .st0{fill:%231E8CBE;} %3C\/style%3E%3Cpath class='st0' d='M25.1,204.57c-13.38,0-24.47-10.6-24.97-24.08C0.04,178.09,0,175.97,0,174C0,77.78,78.28-0.5,174.5-0.5 c13.81,0,25,11.19,25,25s-11.19,25-25,25C105.85,49.5,50,105.35,50,174c0,1.37,0.03,2.85,0.1,4.65c0.51,13.8-10.27,25.39-24.07,25.9 C25.72,204.56,25.41,204.57,25.1,204.57z'\/%3E%3Cpath class='st0' d='M174.5,348.5c-13.81,0-25-11.19-25-25c0-13.81,11.19-25,25-25c68.65,0,124.5-55.85,124.5-124.5 c0-1.38-0.03-2.85-0.1-4.65c-0.51-13.8,10.26-25.4,24.06-25.91c13.83-0.53,25.4,10.26,25.91,24.06c0.09,2.39,0.13,4.51,0.13,6.49 C349,270.22,270.72,348.5,174.5,348.5z'\/%3E%3C\/svg%3E&quot;);        animation: spin 0.6s linear infinite;        \"><\/div>\n<\/div>\n<\/div><\/div><\/div>\t\t\t\t<\/div>\n\t\t\t\t\t<\/div>\n\t\t<\/div>\n\t\t\t\t\t<\/div>\n\t\t<\/section>\n\t\t\t\t<div class=\"elementor-element elementor-element-50b37f4 elementor-widget elementor-widget-heading\" data-id=\"50b37f4\" data-element_type=\"widget\" data-e-type=\"widget\" data-widget_type=\"heading.default\">\n\t\t\t\t<div class=\"elementor-widget-container\">\n\t\t\t\t\t<h2 class=\"elementor-heading-title elementor-size-default\">Estatuto jur\u00eddico y transparencia<\/h2>\t\t\t\t<\/div>\n\t\t\t\t<\/div>\n\t\t\t\t<div class=\"elementor-element elementor-element-4d84934 elementor-widget elementor-widget-text-editor\" data-id=\"4d84934\" data-element_type=\"widget\" data-e-type=\"widget\" data-widget_type=\"text-editor.default\">\n\t\t\t\t<div class=\"elementor-widget-container\">\n\t\t\t\t\t\t\t\t\t<p>La Fundaci\u00f3n Esperanza Aplicada es una fundaci\u00f3n sin \u00e1nimo de lucro constituida al amparo de la Ley 5338 de la Rep\u00fablica de Costa Rica.<\/p>\t\t\t\t\t\t\t\t<\/div>\n\t\t\t\t<\/div>\n\t\t\t\t<div class=\"elementor-element elementor-element-4b993fd elementor-widget elementor-widget-text-editor\" data-id=\"4b993fd\" data-element_type=\"widget\" data-e-type=\"widget\" data-widget_type=\"text-editor.default\">\n\t\t\t\t<div class=\"elementor-widget-container\">\n\t\t\t\t\t\t\t\t\t<p>Todos nuestros registros financieros son totalmente transparentes y est\u00e1n disponibles para su revisi\u00f3n. Seremos auditados anualmente por el Despacho G\u00f3mez y Asociados - Contadores P\u00fablicos Autorizados y Auditores, Tilar\u00e1n, Guanacaste, Costa Rica. Nuestra primera auditor\u00eda se completar\u00e1 despu\u00e9s de enero de 2024 y estar\u00e1 disponible para su revisi\u00f3n en nuestro sitio web.<\/p>\t\t\t\t\t\t\t\t<\/div>\n\t\t\t\t<\/div>\n\t\t\t\t<div class=\"elementor-element elementor-element-d3a733c elementor-widget elementor-widget-text-editor\" data-id=\"d3a733c\" data-element_type=\"widget\" data-e-type=\"widget\" data-widget_type=\"text-editor.default\">\n\t\t\t\t<div class=\"elementor-widget-container\">\n\t\t\t\t\t\t\t\t\t<p>Las actas de las reuniones del Consejo de Administraci\u00f3n est\u00e1n disponibles en nuestras oficinas o previa solicitud. Las reuniones del Consejo de Administraci\u00f3n est\u00e1n abiertas al p\u00fablico.\u00a0<\/p>\t\t\t\t\t\t\t\t<\/div>\n\t\t\t\t<\/div>\n\t\t\t\t\t<\/div>\n\t\t<\/div>\n\t\t\t\t\t<\/div>\n\t\t<\/section>\n\t\t\t\t<section class=\"elementor-section elementor-top-section elementor-element elementor-element-8a431ff elementor-section-boxed elementor-section-height-default elementor-section-height-default\" data-id=\"8a431ff\" data-element_type=\"section\" data-e-type=\"section\">\n\t\t\t\t\t\t<div class=\"elementor-container elementor-column-gap-default\">\n\t\t\t\t\t<div class=\"elementor-column elementor-col-100 elementor-top-column elementor-element elementor-element-4a6697a\" data-id=\"4a6697a\" data-element_type=\"column\" data-e-type=\"column\">\n\t\t\t<div class=\"elementor-widget-wrap elementor-element-populated\">\n\t\t\t\t\t\t<div class=\"elementor-element elementor-element-3efc5ae elementor-widget elementor-widget-heading\" data-id=\"3efc5ae\" data-element_type=\"widget\" data-e-type=\"widget\" data-widget_type=\"heading.default\">\n\t\t\t\t<div class=\"elementor-widget-container\">\n\t\t\t\t\t<h2 class=\"elementor-heading-title elementor-size-default\">Pol\u00edtica de no discriminaci\u00f3n<\/h2>\t\t\t\t<\/div>\n\t\t\t\t<\/div>\n\t\t\t\t<div class=\"elementor-element elementor-element-fefbad7 elementor-widget elementor-widget-text-editor\" data-id=\"fefbad7\" data-element_type=\"widget\" data-e-type=\"widget\" data-widget_type=\"text-editor.default\">\n\t\t\t\t<div class=\"elementor-widget-container\">\n\t\t\t\t\t\t\t\t\t<p>Fundaci\u00f3n Esperanza Aplicada (Applied HOPE Foundation) <strong>-<\/strong> Pol\u00edtica de no discriminaci\u00f3n 01 Ago. 2023<\/p><p>La Fundaci\u00f3n Esperanza Aplicada no discrimina ni discriminar\u00e1 por motivos de raza, color, etnia, religi\u00f3n (credo), g\u00e9nero, expresi\u00f3n de g\u00e9nero, edad, origen nacional (ascendencia), capacidad f\u00edsica o mental, estado civil, orientaci\u00f3n sexual o condici\u00f3n militar en ninguna de sus actividades u operaciones. Estas actividades incluyen, entre otras, la contrataci\u00f3n y el despido de personal, la selecci\u00f3n de voluntarios o proveedores y la prestaci\u00f3n de servicios. Nos comprometemos a proporcionar un entorno inclusivo y acogedor a todos los miembros de nuestro personal, clientes, voluntarios, miembros, contratistas, subcontratistas, vendedores, consultores y en nuestras relaciones con el p\u00fablico en general.<\/p><p>La Fundaci\u00f3n Esperanza Aplicada (Applied HOPE Foundation) no discrimina en el empleo, la contrataci\u00f3n, los anuncios de empleo, la compensaci\u00f3n, el despido, la mejora, la formaci\u00f3n, los ascensos y otras condiciones de empleo a ning\u00fan empleado o solicitante por motivos de raza, color, etnia, religi\u00f3n (credo), g\u00e9nero, expresi\u00f3n de g\u00e9nero, edad, origen nacional (ascendencia), capacidad f\u00edsica o mental, estado civil, orientaci\u00f3n sexual o condici\u00f3n militar.<\/p>\t\t\t\t\t\t\t\t<\/div>\n\t\t\t\t<\/div>\n\t\t\t\t<div class=\"elementor-element elementor-element-f2e9bae elementor-widget elementor-widget-heading\" data-id=\"f2e9bae\" data-element_type=\"widget\" data-e-type=\"widget\" data-widget_type=\"heading.default\">\n\t\t\t\t<div class=\"elementor-widget-container\">\n\t\t\t\t\t<h2 class=\"elementor-heading-title elementor-size-default\">No est\u00e1 permitido fumar ni vapear en nuestras instalaciones<\/h2>\t\t\t\t<\/div>\n\t\t\t\t<\/div>\n\t\t\t\t\t<\/div>\n\t\t<\/div>\n\t\t\t\t\t<\/div>\n\t\t<\/section>\n\t\t\t\t<\/div>","protected":false},"excerpt":{"rendered":"<p>How Can You Get Involved? Make a Donation Donate using your credit card, debit card, or via PayPal Your secure donation can be made below Share Our Content to Your Network Send our web page, video\/podcast, YouTube channel, and articles to people who want to make a difference in the world\u00a0 Join Our Mentor Network [&hellip;]<\/p>\n","protected":false},"author":2,"featured_media":0,"parent":0,"menu_order":0,"comment_status":"closed","ping_status":"closed","template":"","meta":{"give_campaign_id":0,"site-sidebar-layout":"no-sidebar","site-content-layout":"page-builder","ast-site-content-layout":"full-width-container","site-content-style":"unboxed","site-sidebar-style":"unboxed","ast-global-header-display":"","ast-banner-title-visibility":"","ast-main-header-display":"","ast-hfb-above-header-display":"","ast-hfb-below-header-display":"","ast-hfb-mobile-header-display":"","site-post-title":"disabled","ast-breadcrumbs-content":"","ast-featured-img":"disabled","footer-sml-layout":"","ast-disable-related-posts":"","theme-transparent-header-meta":"","adv-header-id-meta":"","stick-header-meta":"","header-above-stick-meta":"","header-main-stick-meta":"","header-below-stick-meta":"","astra-migrate-meta-layouts":"set","ast-page-background-enabled":"default","ast-page-background-meta":{"desktop":{"background-color":"","background-image":"","background-repeat":"repeat","background-position":"center center","background-size":"auto","background-attachment":"scroll","background-type":"","background-media":"","overlay-type":"","overlay-color":"","overlay-opacity":"","overlay-gradient":""},"tablet":{"background-color":"","background-image":"","background-repeat":"repeat","background-position":"center center","background-size":"auto","background-attachment":"scroll","background-type":"","background-media":"","overlay-type":"","overlay-color":"","overlay-opacity":"","overlay-gradient":""},"mobile":{"background-color":"","background-image":"","background-repeat":"repeat","background-position":"center center","background-size":"auto","background-attachment":"scroll","background-type":"","background-media":"","overlay-type":"","overlay-color":"","overlay-opacity":"","overlay-gradient":""}},"ast-content-background-meta":{"desktop":{"background-color":"var(--ast-global-color-5)","background-image":"","background-repeat":"repeat","background-position":"center center","background-size":"auto","background-attachment":"scroll","background-type":"","background-media":"","overlay-type":"","overlay-color":"","overlay-opacity":"","overlay-gradient":""},"tablet":{"background-color":"var(--ast-global-color-5)","background-image":"","background-repeat":"repeat","background-position":"center center","background-size":"auto","background-attachment":"scroll","background-type":"","background-media":"","overlay-type":"","overlay-color":"","overlay-opacity":"","overlay-gradient":""},"mobile":{"background-color":"var(--ast-global-color-5)","background-image":"","background-repeat":"repeat","background-position":"center center","background-size":"auto","background-attachment":"scroll","background-type":"","background-media":"","overlay-type":"","overlay-color":"","overlay-opacity":"","overlay-gradient":""}},"footnotes":""},"class_list":["post-1693","page","type-page","status-publish","hentry"],"campaignId":"","_links":{"self":[{"href":"https:\/\/www.appliedhope.org\/es\/wp-json\/wp\/v2\/pages\/1693","targetHints":{"allow":["GET"]}}],"collection":[{"href":"https:\/\/www.appliedhope.org\/es\/wp-json\/wp\/v2\/pages"}],"about":[{"href":"https:\/\/www.appliedhope.org\/es\/wp-json\/wp\/v2\/types\/page"}],"author":[{"embeddable":true,"href":"https:\/\/www.appliedhope.org\/es\/wp-json\/wp\/v2\/users\/2"}],"replies":[{"embeddable":true,"href":"https:\/\/www.appliedhope.org\/es\/wp-json\/wp\/v2\/comments?post=1693"}],"version-history":[{"count":191,"href":"https:\/\/www.appliedhope.org\/es\/wp-json\/wp\/v2\/pages\/1693\/revisions"}],"predecessor-version":[{"id":2013,"href":"https:\/\/www.appliedhope.org\/es\/wp-json\/wp\/v2\/pages\/1693\/revisions\/2013"}],"wp:attachment":[{"href":"https:\/\/www.appliedhope.org\/es\/wp-json\/wp\/v2\/media?parent=1693"}],"curies":[{"name":"wp","href":"https:\/\/api.w.org\/{rel}","templated":true}]}}